{"id":248517,"date":"2022-09-27T04:55:41","date_gmt":"2022-09-27T04:55:41","guid":{"rendered":"https:\/\/expertisefrance.dev.itsabeautifulway.xyz\/mentions-legales\/"},"modified":"2024-07-03T14:29:14","modified_gmt":"2024-07-03T14:29:14","slug":"legal-information","status":"publish","type":"page","link":"https:\/\/rapport-annuel.expertisefrance.fr\/en\/legal-information\/","title":{"rendered":"Legal information"},"content":{"rendered":"<p>[et_pb_section fb_built=&#8221;1&#8243; custom_padding_last_edited=&#8221;off|phone&#8221; module_class=&#8221;odd1&#8243; _builder_version=&#8221;4.17.4&#8243; _module_preset=&#8221;default&#8221; custom_margin_phone=&#8221;||||false|false&#8221; custom_margin_last_edited=&#8221;off|phone&#8221; global_colors_info=&#8221;{}&#8221;][et_pb_row custom_padding_last_edited=&#8221;off|desktop&#8221; admin_label=&#8221;Title 1200&#8243; _builder_version=&#8221;4.17.4&#8243; _module_preset=&#8221;default&#8221; width=&#8221;100%&#8221; max_width=&#8221;100vw&#8221; module_alignment=&#8221;center&#8221; custom_margin_tablet=&#8221;0px||||false|false&#8221; custom_margin_last_edited=&#8221;off|desktop&#8221; custom_padding=&#8221;0px||||false|false&#8221; custom_padding_tablet=&#8221;60px||||false|false&#8221; custom_padding_phone=&#8221;60px||||false|false&#8221; global_colors_info=&#8221;{}&#8221; custom_margin__hover_enabled=&#8221;off|desktop&#8221;][et_pb_column type=&#8221;4_4&#8243; _builder_version=&#8221;4.16&#8243; _module_preset=&#8221;default&#8221; global_colors_info=&#8221;{}&#8221;][et_pb_text admin_label=&#8221;title&#8221; _builder_version=&#8221;4.17.4&#8243; _module_preset=&#8221;default&#8221; header_font=&#8221;Playfair Display||||||||&#8221; header_text_align=&#8221;center&#8221; header_text_color=&#8221;#273375&#8243; header_font_size=&#8221;65px&#8221; header_line_height=&#8221;1.3em&#8221; width=&#8221;90%&#8221; max_width=&#8221;1024px&#8221; text_font_size_tablet=&#8221;&#8221; text_font_size_phone=&#8221;&#8221; text_font_size_last_edited=&#8221;on|desktop&#8221; header_font_size_tablet=&#8221;65px&#8221; header_font_size_phone=&#8221;40px&#8221; header_font_size_last_edited=&#8221;on|phone&#8221; custom_css_main_element=&#8221;margin-left: auto;||margin-right: auto;&#8221; global_colors_info=&#8221;{}&#8221;]<\/p>\n<h1>Legal Notices &#038; General Conditions of Use<\/h1>\n<p>[\/et_pb_text][et_pb_text admin_label=&#8221;text chapeau&#8221; module_class=&#8221;chapeau&#8221; _builder_version=&#8221;4.17.4&#8243; _module_preset=&#8221;default&#8221; text_font_size=&#8221;30px&#8221; text_line_height=&#8221;1.2em&#8221; text_orientation=&#8221;center&#8221; width=&#8221;80%&#8221; max_width=&#8221;820px&#8221; text_font_size_tablet=&#8221;&#8221; text_font_size_phone=&#8221;25px&#8221; text_font_size_last_edited=&#8221;on|tablet&#8221; custom_css_main_element=&#8221;margin-left: auto;||margin-right: auto;&#8221; global_colors_info=&#8221;{}&#8221;]<\/p>\n<p>Welcome to the website rapport-annuel.expertisefrance.fr, the digital version of Expertise France\u2019s Annual Report.<\/p>\n<p>[\/et_pb_text][\/et_pb_column][\/et_pb_row][et_pb_row admin_label=&#8221;Corps de texte&#8221; _builder_version=&#8221;4.17.4&#8243; _module_preset=&#8221;default&#8221; max_width=&#8221;820px&#8221; global_colors_info=&#8221;{}&#8221;][et_pb_column type=&#8221;4_4&#8243; _builder_version=&#8221;4.16&#8243; _module_preset=&#8221;default&#8221; custom_css_main_element=&#8221;overflow:hidden;&#8221; global_colors_info=&#8221;{}&#8221;][et_pb_text admin_label=&#8221;Corps de texte&#8221; _builder_version=&#8221;4.17.4&#8243; _module_preset=&#8221;default&#8221; text_text_color=&#8221;#000000&#8243; text_font_size=&#8221;22px&#8221; text_line_height=&#8221;1.2em&#8221; header_2_font=&#8221;|700|||||||&#8221; header_2_text_color=&#8221;#273375&#8243; header_2_font_size=&#8221;30px&#8221; header_2_line_height=&#8221;1.2em&#8221; text_font_size_tablet=&#8221;&#8221; text_font_size_phone=&#8221;20px&#8221; text_font_size_last_edited=&#8221;on|tablet&#8221; header_2_font_size_tablet=&#8221;30px&#8221; header_2_font_size_phone=&#8221;25px&#8221; header_2_font_size_last_edited=&#8221;on|desktop&#8221; global_colors_info=&#8221;{}&#8221;]<\/p>\n<h2>1. Content<\/h2>\n<p>The website rapport-annuel.expertisefrance.fr (hereinafter referred to as \u201cthe Website\u201d) is the digital version of Expertise France\u2019s Annual Report. In this respect, it contains information about Expertise France\u2019s activity (projects, news\u2026). The Website sometimes has links to external websites to Expertise France for which Expertise France accepts no liability.<\/p>\n<h2>2. Publication<\/h2>\n<p>The Website is published by Expertise France.<\/p>\n<ul>\n<li>Corporate form: soci\u00e9t\u00e9 par actions simplifi\u00e9e (joint-stock company)<\/li>\n<li>Head office: 40, boulevard de Port-Royal \u2013 75005 Paris<\/li>\n<li>Telephone: +33 1 70 82 70 82<\/li>\n<li>Registration N\u00b0: 808&nbsp;734&nbsp;792 R.C.S. Paris<\/li>\n<li>Intracommunity VAT N\u00b0: FR36 808734792<\/li>\n<\/ul>\n<p>The Publication Director of the Website, Mr. J\u00e9r\u00e9mie Pellet, Chief Executive Officer of Expertise France, may be contacted by e-mail through the Communication Unit at the following address: <a href=\"mailto:communication@expertisefrance.fr\">communication@expertisefrance.fr<\/a>.<\/p>\n<p>The editorial content of the Website is decided by Expertise France\u2019s Communication Unit.<\/p>\n<h2>3. Hosting<\/h2>\n<p>The Website is hosted by Expertise France\u2019s Information Systems Departement.<\/p>\n<h2>4. Creation, maintenance, and updates<\/h2>\n<p>The Website has been designed and created by the company Animal Pensant.<\/p>\n<ul>\n<li>Registration N\u00b0 (SIRET): 795&nbsp;401&nbsp;363 00028<\/li>\n<li>Head office: <span>26, rue des Carmes \u2013 75005 Paris<\/span><\/li>\n<li>Website: <a href=\"http:\/\/www.animalpensant.com\" target=\"_blank\" rel=\"noopener\">www.animalpensant.com<\/a><\/li>\n<\/ul>\n<p>The maintenance and technical updates of the Website are conducted by the company Animal Pensant.<\/p>\n<h2>5. Intellectual Property<\/h2>\n<p>All the elements accessible on the Website shall remain the exclusive property of their authors, with regard to the intellectual property rights or the rights of use. Any reproduction, representation, modification, publication, or adaptation of all or part of the elements of the Website, whatever the means or process used, is prohibited without the prior written consent of the author.<\/p>\n<p>The credits of photos posted on the Website are indicated in their title tags.<\/p>\n<h2>6. Cookies<\/h2>\n<p>Any natural or legal person that logs on to the Website is considered as a User of the latter. By accessing the Website, Users acknowledge that they have read and accept all the present General Conditions of Use.<\/p>\n<p>As the editor of the Website, Expertise France reserves the right to modify the content of the present General Conditions of Use at any time, without prior notice or notification. Consequently, Users are recommended to regularly consult these General Conditions of Use.<\/p>\n<p>Expertise France undertakes to ensure that this processing complies with the legal and regulatory framework (EU) 2016\/679 of the European Parliament and of the Council of 27 April 2016 on the protection of natural persons with regard to the processing of personal data and on the free movement of such data.<\/p>\n<p><span style=\"text-decoration: underline;\"><em>6.1 Website cookies<\/em><\/span><\/p>\n<p>Cookies refer to tracers that provide access to the Users\u2019 information already stored in the equipment they use as an electronic communications terminal and record information on it.<\/p>\n<p>The Use of the Website does not require the use of cookies. The Website does not collect personal data.<\/p>\n<p><em><span style=\"text-decoration: underline;\">6.2 Third-Party cookies<\/span><\/em><\/p>\n<p>Facebook, Twitter, LinkedIn, Instagram, and YouTube may use cookies required to view or share content on social networks or produce access statistics.<\/p>\n<p>The presence, number, and status of these cookies may depend on your use of the platforms in question before or during your visit to the Website.<\/p>\n<p>Expertise France has no control over the use of these functionalities by these actors. We invite you to read the management policy for these social network cookies on the websites in question.<\/p>\n<p>[\/et_pb_text][\/et_pb_column][\/et_pb_row][\/et_pb_section]<\/p>","protected":false},"excerpt":{"rendered":"<p>Legal Notices &#038; General Conditions of UseWelcome to the website rapport-annuel.expertisefrance.fr, the digital version of Expertise France\u2019s Annual Report.1. Content The website rapport-annuel.expertisefrance.fr (hereinafter referred to as \u201cthe Website\u201d) is the digital version of Expertise France\u2019s Annual Report. In this respect, it contains information about Expertise France\u2019s activity (projects, news\u2026). The Website sometimes has links [&hellip;]<\/p>","protected":false},"author":1,"featured_media":0,"parent":0,"menu_order":0,"comment_status":"closed","ping_status":"closed","template":"","meta":{"_et_pb_use_builder":"on","_et_pb_old_content":"<!-- wp:heading -->\n<h2>Who we are<\/h2>\n<!-- \/wp:heading -->\n\n<!-- wp:paragraph -->\n<p><strong class=\"privacy-policy-tutorial\">Suggested text: <\/strong>Our website address is: https:\/\/preprod-ra2022ef.animalpensant.net.<\/p>\n<!-- \/wp:paragraph -->\n\n<!-- wp:heading -->\n<h2>Comments<\/h2>\n<!-- \/wp:heading -->\n\n<!-- wp:paragraph -->\n<p><strong class=\"privacy-policy-tutorial\">Suggested text: <\/strong>When visitors leave comments on the site we collect the data shown in the comments form, and also the visitor\u2019s IP address and browser user agent string to help spam detection.<\/p>\n<!-- \/wp:paragraph -->\n\n<!-- wp:paragraph -->\n<p>An anonymized string created from your email address (also called a hash) may be provided to the Gravatar service to see if you are using it. The Gravatar service privacy policy is available here: https:\/\/automattic.com\/privacy\/. After approval of your comment, your profile picture is visible to the public in the context of your comment.<\/p>\n<!-- \/wp:paragraph -->\n\n<!-- wp:heading -->\n<h2>Media<\/h2>\n<!-- \/wp:heading -->\n\n<!-- wp:paragraph -->\n<p><strong class=\"privacy-policy-tutorial\">Suggested text: <\/strong>If you upload images to the website, you should avoid uploading images with embedded location data (EXIF GPS) included. Visitors to the website can download and extract any location data from images on the website.<\/p>\n<!-- \/wp:paragraph -->\n\n<!-- wp:heading -->\n<h2>Cookies<\/h2>\n<!-- \/wp:heading -->\n\n<!-- wp:paragraph -->\n<p><strong class=\"privacy-policy-tutorial\">Suggested text: <\/strong>If you leave a comment on our site you may opt-in to saving your name, email address and website in cookies. These are for your convenience so that you do not have to fill in your details again when you leave another comment. These cookies will last for one year.<\/p>\n<!-- \/wp:paragraph -->\n\n<!-- wp:paragraph -->\n<p>If you visit our login page, we will set a temporary cookie to determine if your browser accepts cookies. This cookie contains no personal data and is discarded when you close your browser.<\/p>\n<!-- \/wp:paragraph -->\n\n<!-- wp:paragraph -->\n<p>When you log in, we will also set up several cookies to save your login information and your screen display choices. Login cookies last for two days, and screen options cookies last for a year. If you select \"Remember Me\", your login will persist for two weeks. If you log out of your account, the login cookies will be removed.<\/p>\n<!-- \/wp:paragraph -->\n\n<!-- wp:paragraph -->\n<p>If you edit or publish an article, an additional cookie will be saved in your browser. This cookie includes no personal data and simply indicates the post ID of the article you just edited. It expires after 1 day.<\/p>\n<!-- \/wp:paragraph -->\n\n<!-- wp:heading -->\n<h2>Embedded content from other websites<\/h2>\n<!-- \/wp:heading -->\n\n<!-- wp:paragraph -->\n<p><strong class=\"privacy-policy-tutorial\">Suggested text: <\/strong>Articles on this site may include embedded content (e.g. videos, images, articles, etc.). Embedded content from other websites behaves in the exact same way as if the visitor has visited the other website.<\/p>\n<!-- \/wp:paragraph -->\n\n<!-- wp:paragraph -->\n<p>These websites may collect data about you, use cookies, embed additional third-party tracking, and monitor your interaction with that embedded content, including tracking your interaction with the embedded content if you have an account and are logged in to that website.<\/p>\n<!-- \/wp:paragraph -->\n\n<!-- wp:heading -->\n<h2>Who we share your data with<\/h2>\n<!-- \/wp:heading -->\n\n<!-- wp:paragraph -->\n<p><strong class=\"privacy-policy-tutorial\">Suggested text: <\/strong>If you request a password reset, your IP address will be included in the reset email.<\/p>\n<!-- \/wp:paragraph -->\n\n<!-- wp:heading -->\n<h2>How long we retain your data<\/h2>\n<!-- \/wp:heading -->\n\n<!-- wp:paragraph -->\n<p><strong class=\"privacy-policy-tutorial\">Suggested text: <\/strong>If you leave a comment, the comment and its metadata are retained indefinitely. This is so we can recognize and approve any follow-up comments automatically instead of holding them in a moderation queue.<\/p>\n<!-- \/wp:paragraph -->\n\n<!-- wp:paragraph -->\n<p>For users that register on our website (if any), we also store the personal information they provide in their user profile. All users can see, edit, or delete their personal information at any time (except they cannot change their username). Website administrators can also see and edit that information.<\/p>\n<!-- \/wp:paragraph -->\n\n<!-- wp:heading -->\n<h2>What rights you have over your data<\/h2>\n<!-- \/wp:heading -->\n\n<!-- wp:paragraph -->\n<p><strong class=\"privacy-policy-tutorial\">Suggested text: <\/strong>If you have an account on this site, or have left comments, you can request to receive an exported file of the personal data we hold about you, including any data you have provided to us. You can also request that we erase any personal data we hold about you. This does not include any data we are obliged to keep for administrative, legal, or security purposes.<\/p>\n<!-- \/wp:paragraph -->\n\n<!-- wp:heading -->\n<h2>Where we send your data<\/h2>\n<!-- \/wp:heading -->\n\n<!-- wp:paragraph -->\n<p><strong class=\"privacy-policy-tutorial\">Suggested text: <\/strong>Visitor comments may be checked through an automated spam detection service.<\/p>\n<!-- \/wp:paragraph -->","_et_gb_content_width":"","footnotes":""},"class_list":["post-248517","page","type-page","status-publish","hentry"],"yoast_head":"<!-- This site is optimized with the Yoast SEO plugin v25.1 - https:\/\/yoast.com\/wordpress\/plugins\/seo\/ -->\n<title>Legal information Bilan &amp; perspectives | Expertise France<\/title>\n<meta name=\"description\" content=\"This page presents legal information of the digital version digitale of the Results &amp; Outlook of Expertise France.\" \/>\n<meta name=\"robots\" content=\"index, follow, max-snippet:-1, max-image-preview:large, max-video-preview:-1\" \/>\n<link rel=\"canonical\" href=\"https:\/\/rapport-annuel.expertisefrance.fr\/en\/legal-information\/\" \/>\n<meta property=\"og:locale\" content=\"en_US\" \/>\n<meta property=\"og:type\" content=\"article\" \/>\n<meta property=\"og:title\" content=\"Legal information Bilan &amp; perspectives | Expertise France\" \/>\n<meta property=\"og:description\" content=\"This page presents legal information of the digital version digitale of the Results &amp; Outlook of Expertise France.\" \/>\n<meta property=\"og:url\" content=\"https:\/\/rapport-annuel.expertisefrance.fr\/en\/legal-information\/\" \/>\n<meta property=\"og:site_name\" content=\"Expertise France\" \/>\n<meta property=\"article:publisher\" content=\"https:\/\/www.facebook.com\/expertisefrance\/\" \/>\n<meta property=\"article:modified_time\" content=\"2024-07-03T14:29:14+00:00\" \/>\n<meta property=\"og:image\" content=\"https:\/\/rapport-annuel.expertisefrance.fr\/wp-content\/uploads\/2025\/05\/rapport-annuel-2024-expertise-france.webp\" \/>\n\t<meta property=\"og:image:width\" content=\"1200\" \/>\n\t<meta property=\"og:image:height\" content=\"675\" \/>\n\t<meta property=\"og:image:type\" content=\"image\/webp\" \/>\n<meta name=\"twitter:card\" content=\"summary_large_image\" \/>\n<meta name=\"twitter:site\" content=\"@expertisefrance\" \/>\n<meta name=\"twitter:label1\" content=\"Est. reading time\" \/>\n\t<meta name=\"twitter:data1\" content=\"3 minutes\" \/>\n<script type=\"application\/ld+json\" class=\"yoast-schema-graph\">{\"@context\":\"https:\/\/schema.org\",\"@graph\":[{\"@type\":\"WebPage\",\"@id\":\"https:\/\/rapport-annuel.expertisefrance.fr\/en\/legal-information\/\",\"url\":\"https:\/\/rapport-annuel.expertisefrance.fr\/en\/legal-information\/\",\"name\":\"Legal information Bilan & perspectives | Expertise France\",\"isPartOf\":{\"@id\":\"https:\/\/rapport-annuel.expertisefrance.fr\/#website\"},\"datePublished\":\"2022-09-27T04:55:41+00:00\",\"dateModified\":\"2024-07-03T14:29:14+00:00\",\"description\":\"This page presents legal information of the digital version digitale of the Results & Outlook of Expertise France.\",\"breadcrumb\":{\"@id\":\"https:\/\/rapport-annuel.expertisefrance.fr\/en\/legal-information\/#breadcrumb\"},\"inLanguage\":\"en-US\",\"potentialAction\":[{\"@type\":\"ReadAction\",\"target\":[\"https:\/\/rapport-annuel.expertisefrance.fr\/en\/legal-information\/\"]}]},{\"@type\":\"BreadcrumbList\",\"@id\":\"https:\/\/rapport-annuel.expertisefrance.fr\/en\/legal-information\/#breadcrumb\",\"itemListElement\":[{\"@type\":\"ListItem\",\"position\":1,\"name\":\"Accueil\",\"item\":\"https:\/\/rapport-annuel.expertisefrance.fr\/en\/\"},{\"@type\":\"ListItem\",\"position\":2,\"name\":\"Legal information\"}]},{\"@type\":\"WebSite\",\"@id\":\"https:\/\/rapport-annuel.expertisefrance.fr\/#website\",\"url\":\"https:\/\/rapport-annuel.expertisefrance.fr\/\",\"name\":\"Rapport annuel | Expertise France\",\"description\":\"En 2024, Expertise France a contribu\u00e9 \u00e0 renforcer les politiques publiques de ses pays partenaires.\",\"publisher\":{\"@id\":\"https:\/\/rapport-annuel.expertisefrance.fr\/#organization\"},\"potentialAction\":[{\"@type\":\"SearchAction\",\"target\":{\"@type\":\"EntryPoint\",\"urlTemplate\":\"https:\/\/rapport-annuel.expertisefrance.fr\/?s={search_term_string}\"},\"query-input\":{\"@type\":\"PropertyValueSpecification\",\"valueRequired\":true,\"valueName\":\"search_term_string\"}}],\"inLanguage\":\"en-US\"},{\"@type\":\"Organization\",\"@id\":\"https:\/\/rapport-annuel.expertisefrance.fr\/#organization\",\"name\":\"Expertise France\",\"url\":\"https:\/\/rapport-annuel.expertisefrance.fr\/\",\"logo\":{\"@type\":\"ImageObject\",\"inLanguage\":\"en-US\",\"@id\":\"https:\/\/rapport-annuel.expertisefrance.fr\/#\/schema\/logo\/image\/\",\"url\":\"https:\/\/rapport-annuel.expertisefrance.fr\/wp-content\/uploads\/2022\/06\/logo_expertise.svg\",\"contentUrl\":\"https:\/\/rapport-annuel.expertisefrance.fr\/wp-content\/uploads\/2022\/06\/logo_expertise.svg\",\"width\":1,\"height\":1,\"caption\":\"Expertise France\"},\"image\":{\"@id\":\"https:\/\/rapport-annuel.expertisefrance.fr\/#\/schema\/logo\/image\/\"},\"sameAs\":[\"https:\/\/www.facebook.com\/expertisefrance\/\",\"https:\/\/x.com\/expertisefrance\"]}]}<\/script>\n<!-- \/ Yoast SEO plugin. -->","yoast_head_json":{"title":"Legal information Bilan & perspectives | Expertise France","description":"This page presents legal information of the digital version digitale of the Results & Outlook of Expertise France.","robots":{"index":"index","follow":"follow","max-snippet":"max-snippet:-1","max-image-preview":"max-image-preview:large","max-video-preview":"max-video-preview:-1"},"canonical":"https:\/\/rapport-annuel.expertisefrance.fr\/en\/legal-information\/","og_locale":"en_US","og_type":"article","og_title":"Legal information Bilan & perspectives | Expertise France","og_description":"This page presents legal information of the digital version digitale of the Results & Outlook of Expertise France.","og_url":"https:\/\/rapport-annuel.expertisefrance.fr\/en\/legal-information\/","og_site_name":"Expertise France","article_publisher":"https:\/\/www.facebook.com\/expertisefrance\/","article_modified_time":"2024-07-03T14:29:14+00:00","og_image":[{"width":1200,"height":675,"url":"https:\/\/rapport-annuel.expertisefrance.fr\/wp-content\/uploads\/2025\/05\/rapport-annuel-2024-expertise-france.webp","type":"image\/webp"}],"twitter_card":"summary_large_image","twitter_site":"@expertisefrance","twitter_misc":{"Est. reading time":"3 minutes"},"schema":{"@context":"https:\/\/schema.org","@graph":[{"@type":"WebPage","@id":"https:\/\/rapport-annuel.expertisefrance.fr\/en\/legal-information\/","url":"https:\/\/rapport-annuel.expertisefrance.fr\/en\/legal-information\/","name":"Legal information Bilan & perspectives | Expertise France","isPartOf":{"@id":"https:\/\/rapport-annuel.expertisefrance.fr\/#website"},"datePublished":"2022-09-27T04:55:41+00:00","dateModified":"2024-07-03T14:29:14+00:00","description":"This page presents legal information of the digital version digitale of the Results & Outlook of Expertise France.","breadcrumb":{"@id":"https:\/\/rapport-annuel.expertisefrance.fr\/en\/legal-information\/#breadcrumb"},"inLanguage":"en-US","potentialAction":[{"@type":"ReadAction","target":["https:\/\/rapport-annuel.expertisefrance.fr\/en\/legal-information\/"]}]},{"@type":"BreadcrumbList","@id":"https:\/\/rapport-annuel.expertisefrance.fr\/en\/legal-information\/#breadcrumb","itemListElement":[{"@type":"ListItem","position":1,"name":"Accueil","item":"https:\/\/rapport-annuel.expertisefrance.fr\/en\/"},{"@type":"ListItem","position":2,"name":"Legal information"}]},{"@type":"WebSite","@id":"https:\/\/rapport-annuel.expertisefrance.fr\/#website","url":"https:\/\/rapport-annuel.expertisefrance.fr\/","name":"Rapport annuel | Expertise France","description":"En 2024, Expertise France a contribu\u00e9 \u00e0 renforcer les politiques publiques de ses pays partenaires.","publisher":{"@id":"https:\/\/rapport-annuel.expertisefrance.fr\/#organization"},"potentialAction":[{"@type":"SearchAction","target":{"@type":"EntryPoint","urlTemplate":"https:\/\/rapport-annuel.expertisefrance.fr\/?s={search_term_string}"},"query-input":{"@type":"PropertyValueSpecification","valueRequired":true,"valueName":"search_term_string"}}],"inLanguage":"en-US"},{"@type":"Organization","@id":"https:\/\/rapport-annuel.expertisefrance.fr\/#organization","name":"Expertise France","url":"https:\/\/rapport-annuel.expertisefrance.fr\/","logo":{"@type":"ImageObject","inLanguage":"en-US","@id":"https:\/\/rapport-annuel.expertisefrance.fr\/#\/schema\/logo\/image\/","url":"https:\/\/rapport-annuel.expertisefrance.fr\/wp-content\/uploads\/2022\/06\/logo_expertise.svg","contentUrl":"https:\/\/rapport-annuel.expertisefrance.fr\/wp-content\/uploads\/2022\/06\/logo_expertise.svg","width":1,"height":1,"caption":"Expertise France"},"image":{"@id":"https:\/\/rapport-annuel.expertisefrance.fr\/#\/schema\/logo\/image\/"},"sameAs":["https:\/\/www.facebook.com\/expertisefrance\/","https:\/\/x.com\/expertisefrance"]}]}},"_links":{"self":[{"href":"https:\/\/rapport-annuel.expertisefrance.fr\/en\/wp-json\/wp\/v2\/pages\/248517","targetHints":{"allow":["GET"]}}],"collection":[{"href":"https:\/\/rapport-annuel.expertisefrance.fr\/en\/wp-json\/wp\/v2\/pages"}],"about":[{"href":"https:\/\/rapport-annuel.expertisefrance.fr\/en\/wp-json\/wp\/v2\/types\/page"}],"author":[{"embeddable":true,"href":"https:\/\/rapport-annuel.expertisefrance.fr\/en\/wp-json\/wp\/v2\/users\/1"}],"replies":[{"embeddable":true,"href":"https:\/\/rapport-annuel.expertisefrance.fr\/en\/wp-json\/wp\/v2\/comments?post=248517"}],"version-history":[{"count":5,"href":"https:\/\/rapport-annuel.expertisefrance.fr\/en\/wp-json\/wp\/v2\/pages\/248517\/revisions"}],"predecessor-version":[{"id":250710,"href":"https:\/\/rapport-annuel.expertisefrance.fr\/en\/wp-json\/wp\/v2\/pages\/248517\/revisions\/250710"}],"wp:attachment":[{"href":"https:\/\/rapport-annuel.expertisefrance.fr\/en\/wp-json\/wp\/v2\/media?parent=248517"}],"curies":[{"name":"wp","href":"https:\/\/api.w.org\/{rel}","templated":true}]}}